{"id":88,"date":"2024-02-12T17:27:57","date_gmt":"2024-02-12T16:27:57","guid":{"rendered":"https:\/\/colectivoantipirateria.org\/?page_id=88"},"modified":"2025-09-22T23:20:51","modified_gmt":"2025-09-22T21:20:51","slug":"codigo-organico-integral-penal","status":"publish","type":"page","link":"https:\/\/colectivoantipirateria.org\/index.php\/codigo-organico-integral-penal\/","title":{"rendered":"CODIGO ORGANICO INTEGRAL PENAL"},"content":{"rendered":"<p>[et_pb_section fb_built=&#8221;1&#8243; _builder_version=&#8221;4.17.4&#8243; _module_preset=&#8221;default&#8221; background_enable_image=&#8221;off&#8221; parallax=&#8221;on&#8221; background_enable_pattern_style=&#8221;on&#8221; background_pattern_style=&#8221;smiles&#8221; background_pattern_color=&#8221;rgba(0,0,0,0.02)&#8221; custom_margin=&#8221;0px||0px||true|false&#8221; custom_padding=&#8221;80px||80px||true|false&#8221; global_colors_info=&#8221;{}&#8221;][et_pb_row _builder_version=&#8221;4.17.4&#8243; _module_preset=&#8221;default&#8221; max_width=&#8221;80%&#8221; custom_padding=&#8221;|||0%|false|false&#8221; animation_style=&#8221;fold&#8221; animation_direction=&#8221;left&#8221; border_width_bottom=&#8221;5px&#8221; border_color_bottom=&#8221;#143D3C&#8221; global_colors_info=&#8221;{}&#8221;][et_pb_column type=&#8221;4_4&#8243; _builder_version=&#8221;4.17.4&#8243; _module_preset=&#8221;default&#8221; global_colors_info=&#8221;{}&#8221;][et_pb_text _builder_version=&#8221;4.17.4&#8243; _module_preset=&#8221;default&#8221; header_text_color=&#8221;#00A79F&#8221; header_font_size=&#8221;65px&#8221; header_font_size_tablet=&#8221;65px&#8221; header_font_size_phone=&#8221;60px&#8221; header_font_size_last_edited=&#8221;on|phone&#8221; global_colors_info=&#8221;{}&#8221;]<\/p>\n<h1><strong>C\u00d3DIGO ORG\u00c1NICO INTEGRAL PENAL<\/strong><\/h1>\n<p>[\/et_pb_text][\/et_pb_column][\/et_pb_row][et_pb_row _builder_version=&#8221;4.17.4&#8243; _module_preset=&#8221;default&#8221; max_width=&#8221;80%&#8221; custom_padding=&#8221;60px|||||&#8221; global_colors_info=&#8221;{}&#8221;][et_pb_column type=&#8221;4_4&#8243; _builder_version=&#8221;4.17.4&#8243; _module_preset=&#8221;default&#8221; global_colors_info=&#8221;{}&#8221;][et_pb_text _builder_version=&#8221;4.17.4&#8243; _module_preset=&#8221;default&#8221; text_font=&#8221;Montserrat||||||||&#8221; text_text_color=&#8221;#474747&#8243; text_font_size=&#8221;20px&#8221; text_line_height=&#8221;1.8em&#8221; ol_text_align=&#8221;justify&#8221; ol_line_height=&#8221;1.7em&#8221; text_orientation=&#8221;justified&#8221; global_colors_info=&#8221;{}&#8221;]<\/p>\n<p><strong>Art. 208A.-Actos lesivos a la propiedad intelectual.-<\/strong>Ser\u00e1 sancionada con pena privativa de libertad de seis meses a un a\u00f1o, comiso y multa de ocho hasta trescientos salarios b\u00e1sicos unificados del trabajador en general, la persona que, a sabiendas, en violaci\u00f3n de los derechos de propiedad intelectual contemplados en la normativa aplicable, realice uno o m\u00e1s de los siguientes actos con fines de lucro y a escala comercial:<\/p>\n<ol>\n<li style=\"list-style-type: none;\">\n<ol>\n<li>Fabrique, comercialice o almacene etiquetas, sellos o envases que contengan marcas o denominaciones de origen registradas en el pa\u00eds.<\/li>\n<li>Separe, arranque, reemplace o utilice etiquetas, sellos o envases que contengan marcas registradas en el pa\u00eds, para utilizarlos en productos de distinto origen.<\/li>\n<li>Rellene con productos espurios envases identificados con marca ajena.<\/li>\n<li>Almacene, fabrique, utilice, oferte en venta, venda, importe o exporte:<\/li>\n<\/ol>\n<\/li>\n<\/ol>\n<p style=\"padding-left: 80px;\">a) Un producto amparado por una patente de invenci\u00f3n o modelo de utilidad registrado en el pa\u00eds;<\/p>\n<p style=\"padding-left: 80px;\">b) Un producto fabricado mediante la utilizaci\u00f3n de un procedimiento amparado por una patente de invenci\u00f3n registrada en el pa\u00eds;<\/p>\n<p style=\"padding-left: 80px;\">c) Un producto amparado por un dibujo o modelo industrial registrado en el pa\u00eds;<\/p>\n<p style=\"padding-left: 80px;\">d) Una obtenci\u00f3n vegetal registrada en el pa\u00eds, as\u00ed como su material de reproducci\u00f3n, propagaci\u00f3n o multiplicaci\u00f3n;<\/p>\n<p style=\"padding-left: 80px;\">e) Un esquema de trazado (topograf\u00eda) registrado en el pa\u00eds, un circuito semiconductor que incorpore dicho esquema de trazado (topograf\u00eda) o un art\u00edculo que incorpore tal circuito semiconductor;<\/p>\n<p style=\"padding-left: 80px;\">f) Un producto o servicio que utilice un signo distintivo no registrado id\u00e9ntico o similar a un signo distintivo registrado en el pa\u00eds; y,<\/p>\n<p style=\"padding-left: 80px;\">g) Un producto o servicio que utilice un signo distintivo o denominaci\u00f3n de origen no registrada, id\u00e9ntica o similar a una denominaci\u00f3n de origen registrada en el pa\u00eds.<\/p>\n<p style=\"padding-left: 80px;\">En los casos de los literales f) y g) de este cuarto numeral los productos o servicios que utilicen el signo no registrado, deber\u00e1n ser id\u00e9nticos o que guarden conexi\u00f3n competitiva a los productos o servicios protegidos por las marcas o indicaciones geogr\u00e1ficas registradas en el pa\u00eds.<\/p>\n<p><strong>Art. 208B.-Actos lesivos a los derechos de autor.-<\/strong>Ser\u00e1 sancionada con pena privativa de libertad de seis meses a un a\u00f1o, comiso y multa de ocho hasta trescientos salarios b\u00e1sicos unificados del trabajador en general, la persona que, a sabiendas, en violaci\u00f3n de los derechos de autor o derechos conexos contemplados en la normativa aplicable, realice uno o m\u00e1s de los siguientes actos a escala comercial:<\/p>\n<ol>\n<li style=\"list-style-type: none;\">\n<ol>\n<li>Altere o mutile una obra, inclusive a trav\u00e9s de la remoci\u00f3n o alteraci\u00f3n de informaci\u00f3n electr\u00f3nica sobre el r\u00e9gimen de derechos aplicables;<\/li>\n<li>Inscriba, publique, distribuya, comunique o reproduzca, total o parcialmente, una obra ajena como si fuera propia;<\/li>\n<li>Reproduzca una obra sin autorizaci\u00f3n del titular o en un n\u00famero mayor de ejemplares del autorizado por el titular, siempre que el perjuicio econ\u00f3mico causado al titular sea mayor a cincuenta salarios b\u00e1sicos unificados del trabajador en general;<\/li>\n<li>Comunique p\u00fablicamente obras o fonogramas, total o parcialmente;<\/li>\n<li>Introduzca al pa\u00eds, almacene, ofrezca en venta, venda, arriende o de cualquier otra manera ponga en circulaci\u00f3n o a disposici\u00f3n de terceros reproducciones il\u00edcitas de obras o en n\u00famero que exceda del autorizado por el titular;<\/li>\n<li>Reproduzca un fonograma o en general cualquier obra protegida, as\u00ed como las actuaciones de int\u00e9rpretes o ejecutantes, total o parcialmente, imitando o no las caracter\u00edsticas externas del original, as\u00ed como quien introduzca al pa\u00eds, almacene, distribuya, ofrezca en venta, venda, arriende o de cualquier otra manera ponga en circulaci\u00f3n o a disposici\u00f3n de terceros tales reproducciones il\u00edcitas;<\/li>\n<li>Retransmita sin autorizaci\u00f3n, por cualquier medio, las emisiones de radiodifusi\u00f3n, televisi\u00f3n y en general cualquier se\u00f1al que se transmita por el espectro radioel\u00e9ctrico y que est\u00e9 protegida por derechos de autor o derechos conexos; salvo que dicha retransmisi\u00f3n provenga de una obligaci\u00f3n normativamente impuesta; y,<\/li>\n<li>Fabrique, importe, exporte, venda, arriende o de cualquier forma distribuya al p\u00fablico un dispositivo, sistema o software que permita descifrar una se\u00f1al de sat\u00e9lite cifrada portadora de programas o en general de telecomunicaciones, sin autorizaci\u00f3n del distribuidor leg\u00edtimo de esa se\u00f1al; o, de cualquier forma, eluda, evada, inutilice o suprima un dispositivo, sistema o software que permita a los titulares del derecho controlar la utilizaci\u00f3n de sus obras o prestaciones, el cual posibilite impedir o restringir cualquier uso no autorizado de estos.<\/li>\n<\/ol>\n<\/li>\n<\/ol>\n<p><strong>Art. 208C.-Disposiciones relativas a los actos lesivos a la propiedad intelectual y derechos de autor.<\/strong> Para la denuncia, investigaci\u00f3n, juzgamiento y aplicaci\u00f3n de penas por los delitos de actos lesivos a la propiedad intelectual y de actos lesivos a derechos de autor, se considerar\u00e1n las siguientes reglas:<\/p>\n<ol>\n<li style=\"list-style-type: none;\">\n<ol>\n<li>Para determinar que estos actos se cometen a escala comercial deber\u00e1 considerarse la magnitud, valor econ\u00f3mico y cantidad de la mercader\u00eda o servicio, as\u00ed como el impacto que puede tener en el mercado en que se comercializa. Las autoridades competentes solo est\u00e1n en obligaci\u00f3n de denunciar los hechos cuando luego de estas consideraciones tengan la convicci\u00f3n de que se trata de actos a escala comercial.<\/li>\n<\/ol>\n<\/li>\n<\/ol>\n<p style=\"padding-left: 40px;\">Cuando se trate de mercader\u00eda importada o exportada se considerar\u00e1 que los actos se realizan a escala comercial cuando la mercader\u00eda est\u00e9 valorada en m\u00e1s de cincuenta salarios b\u00e1sicos unificados del trabajador en general. Para dicha valoraci\u00f3n la mercader\u00eda cuestionada ser\u00e1 valorada como si se tratase del producto original protegido por derechos intelectuales o derechos de autor.<\/p>\n<ol>\n<li style=\"list-style-type: none;\">\n<ol start=\"2\">\n<li>Para la imposici\u00f3n de las penas, se tomar\u00e1 en consideraci\u00f3n el monto del perjuicio ocasionado y, seg\u00fan corresponda, la cantidad y valor de productos comisados, al igual que el valor de los productos o servicios que hayan sido comercializados.<\/li>\n<li>Cuando una persona jur\u00eddica sea la responsable, se la sancionar\u00e1 con el comiso de los bienes infractores, al igual que con la multa respectiva, independientemente de la responsabilidad penal de las personas naturales que intervengan en la comisi\u00f3n del delito. Adem\u00e1s, se sancionar\u00e1 a las personas jur\u00eddicas con una o varias de las penas espec\u00edficas aplicable a las mismas, previstas en este C\u00f3digo, conforme la gravedad del delito.<\/li>\n<li>De determinarse la responsabilidad de la persona natural o jur\u00eddica el tribunal o juez de garant\u00edas penales correspondiente ordenar\u00e1 la adjudicaci\u00f3n gratuita o destrucci\u00f3n de los bienes infractores. Esta orden estar\u00e1 sustentada en un informe pericial que permita determinar su ilicitud; as\u00ed como, en la o las pruebas que existan en el proceso y que sean expuestos en la etapa correspondiente.<\/li>\n<\/ol>\n<\/li>\n<\/ol>\n<p>La valoraci\u00f3n de \u00e9sta y dem\u00e1s pruebas seguir\u00e1 las reglas generales establecidas en este C\u00f3digo.<\/p>\n<p>Si el agente fiscal no llegare a imputar el delito investigado a una persona natural o jur\u00eddica determinada dentro de la fase de investigaci\u00f3n previa, en el requerimiento de archivo solicitar\u00e1 al juez competente la orden de adjudicaci\u00f3n gratuita o destrucci\u00f3n de los objetos investigados, petici\u00f3n que se fundamentar\u00e1 en el informe pericial de peritos acreditados ante el Consejo de la Judicatura, y dem\u00e1s indicios relevantes. El juez correr\u00e1 traslado de la petici\u00f3n al titular de los objetos por el t\u00e9rmino de cinco d\u00edas, luego de lo cual acoger\u00e1 o rechazar\u00e1 motivadamente la solicitud fiscal.<\/p>\n<ol>\n<li style=\"list-style-type: none;\">\n<ol start=\"5\">\n<li>Los costos que se generen en raz\u00f3n de la destrucci\u00f3n de una mercanc\u00eda corresponder\u00e1n a la persona que comete el delito. Cuando no se lograr\u00e1 determinar la responsabilidad penal de persona alguna, los costos corresponder\u00e1n al titular de la mercanc\u00eda, quien podr\u00e1 repetir contra el responsable de ser el caso.<\/li>\n<\/ol>\n<\/li>\n<\/ol>\n<p>En todos los casos en los que la mercanc\u00eda objeto de incautaci\u00f3n pueda ser destinada a cubrir una necesidad social por parte del Estado, se privilegiar\u00e1 la conservaci\u00f3n de la mercanc\u00eda, destruyendo o inutilizando los aspectos de la misma que violenten o transgredan la propiedad intelectual, siempre y cuando esta acci\u00f3n no perjudique la naturaleza o la funcionalidad de la mercanc\u00eda. Los titulares de los derechos ser\u00e1n veedores de estos procesos y colaborar\u00e1n con la gesti\u00f3n correspondiente.<\/p>\n<ol>\n<ol>\n<ol>\n<li style=\"list-style-type: none;\">\n<ol start=\"6\">\n<li>Son circunstancias agravantes, adem\u00e1s de las previstas en este C\u00f3digo:\n<p style=\"padding-left: 80px;\">a) Haber recibido apercibimiento de la infracci\u00f3n;<\/p>\n<p style=\"padding-left: 80px;\">b) Que los objetos materia de la infracci\u00f3n provoquen da\u00f1os a la salud; y,<\/p>\n<p style=\"padding-left: 80px;\">c) Que las infracciones se cometan respecto de obras in\u00e9ditas.<\/p>\n<\/li>\n<li>En esta clase de delitos cabe la conciliaci\u00f3n en los t\u00e9rminos establecidos por este C\u00f3digo a\u00fan si el monto de la infracci\u00f3n supera los treinta salarios b\u00e1sicos unificados del trabajador en general.<\/li>\n<\/ol>\n<p><strong><\/strong><\/p>\n<\/li>\n<\/ol>\n<\/ol>\n<\/ol>\n<p>&nbsp;<\/p>\n<ol>\n<ol>\n<li style=\"list-style-type: none;\"><strong>Art. 299.- Defraudaci\u00f3n aduanera.-<\/strong> La persona natural o jur\u00eddica que perjudique a la administraci\u00f3n aduanera en las recaudaciones de tributos sobre mercanc\u00edas cuya cuant\u00eda sea superior a ciento cincuenta salarios b\u00e1sicos unificados del trabajador en general ser\u00e1 sancionada con pena privativa de libertad de seis meses a dos a\u00f1os y multa de diez veces el valor de los tributos que se pretendi\u00f3 evadir, si realiza uno o m\u00e1s de los siguientes actos:\n<ol>\n<li>Importe o exporte mercanc\u00edas con documentos falsos o adulterados que afecten la determinaci\u00f3n de su valor, calidad, cantidad, peso, especie, antig\u00fcedad, origen u otras caracter\u00edsticas como marcas, c\u00f3digos, series, modelos; en el presente caso el ejercicio de la acci\u00f3n penal no depende de cuestiones prejudiciales cuya decisi\u00f3n competa al fuero civil. En casos de exportaci\u00f3n de mercanc\u00edas mediante estos actos el delito se configurar\u00e1 incluso si no se perjudica la recaudaci\u00f3n de tributos;<\/li>\n<li>Simule una operaci\u00f3n de comercio exterior con la finalidad de obtener un incentivo o beneficio econ\u00f3mico total o parcial o de cualquier otra \u00edndole;<\/li>\n<li>No declare la cantidad correcta de mercanc\u00edas;<\/li>\n<li>Oculte dentro de mercanc\u00edas declaradas otras mercanc\u00edas sujetas a declaraci\u00f3n;<\/li>\n<li>Obtenga indebidamente la liberaci\u00f3n o reducci\u00f3n de tributos al comercio exterior en mercanc\u00edas que seg\u00fan la ley no cumplan con los requisitos para gozar de tales beneficios;<\/li>\n<li>Induzca por cualquier medio, al error a la administraci\u00f3n aduanera en la devoluci\u00f3n condicionada de tributos; y,<\/li>\n<li>Subvalorar, por cualquier medio, el valor de las mercanc\u00edas.<\/li>\n<\/ol>\n<p>Incurre igualmente en el delito de defraudaci\u00f3n aduanera y ser\u00e1 reprimida con la misma pena y multa, la persona que, con unidad de prop\u00f3sito, realice cualquiera de los actos previstos en este art\u00edculo en forma sistem\u00e1tica o fraccionada, en un solo acto o en diferentes actos de inferior importe cada uno. Cuando la autoridad competente detecte actos que podr\u00edan configurar el delito de defraudaci\u00f3n aduanera en forma fraccionada, pondr\u00e1 en conocimiento de la Fiscal\u00eda General del Estado los actos realizados por el infractor en los doce meses anteriores al \u00faltimo acto.<\/p>\n<p>Si se comprobare que en el cometimiento del delito se encuentran involucrados servidores p\u00fablicos ser\u00e1n sancionados con la pena m\u00e1xima prevista.<\/p>\n<p><strong>Art. 300.- Receptaci\u00f3n aduanera.-<\/strong> La persona natural o jur\u00eddica que adquiera, reciba, almacene, oculte, venda, o esconda mercanc\u00edas, a t\u00edtulo oneroso o gratuito, en prenda o consignaci\u00f3n y tenencia o almacenamiento de mercanc\u00edas extranjeras cuya cuant\u00eda sea superior a ciento cincuenta salarios b\u00e1sicos unificados del trabajador en general, sabiendo o debiendo saber que han sido o son objeto de los delitos a que se refiere este t\u00edtulo y, sin que el tenedor de las mismas acredite su legal importaci\u00f3n o leg\u00edtima adquisici\u00f3n en el pa\u00eds, dentro de las setenta y dos horas siguientes al requerimiento de la autoridad aduanera competente, ser\u00e1 sancionada con una pena privativa de libertad de uno a tres a\u00f1os y multa del duplo del valor en aduana de la mercanc\u00eda.<\/p>\n<p>Incurre igualmente en el delito de receptaci\u00f3n aduanera y ser\u00e1 reprimida con la misma pena y multa, la persona que, con unidad de prop\u00f3sito, realice cualquiera de los actos previstos en este art\u00edculo en forma sistem\u00e1tica o fraccionada, en un solo acto o en diferentes actos de inferior importe cada uno. Cuando la autoridad competente detecte actos que podr\u00edan configurar el delito de receptaci\u00f3n aduanera en forma fraccionada, pondr\u00e1 en conocimiento de la Fiscal\u00eda General del Estado los actos realizados por el infractor en los doce meses anteriores al \u00faltimo acto.<\/p>\n<p><strong>Art. 301.- Contrabando.-<\/strong> La persona que, para evadir el control y vigilancia aduanera sobre mercanc\u00edas cuya cuant\u00eda sea igual o superior a diez salarios b\u00e1sicos unificados del trabajador en general, realice uno o m\u00e1s de los siguientes actos, ser\u00e1 sancionada con pena privativa de libertad de tres a cinco a\u00f1os, multa de hasta seis veces el valor en aduana de la mercanc\u00eda objeto del delito y el comiso de los bienes, medios o instrumentos para la comisi\u00f3n del delito, cuando:<\/p>\n<ol>\n<li>Ingrese o extraiga clandestinamente mercanc\u00edas del territorio aduanero.<\/li>\n<li>Movilice mercanc\u00edas extranjeras dentro de la zona secundaria sin el documento que acredite la legal tenencia de las mismas, siempre y cuando no pueda justificarse el origen l\u00edcito de dichas mercanc\u00edas dentro de las setenta y dos horas posteriores al descubrimiento. La falta de presentaci\u00f3n de la documentaci\u00f3n constituye un indicio o elemento de convicci\u00f3n, y no configura por s\u00ed sola el cometimiento del delito.<\/li>\n<li>Cargue o descargue de un medio de transporte mercanc\u00edas no manifestadas, siempre que se realice sin el control de las autoridades competentes.<\/li>\n<li>Interne al territorio nacional mercanc\u00edas de una Zona Especial de Desarrollo Econ\u00f3mico o sujeta a un r\u00e9gimen especial, sin el cumplimiento de los requisitos establecidos en la legislaci\u00f3n correspondiente.<\/li>\n<li>Desembarque, descargue o lance en tierra, mar o en otro medio de transporte, mercanc\u00edas extranjeras antes de someterse al control aduanero, salvo los casos de arribo forzoso.<\/li>\n<li>Oculte por cualquier mecanismo mercanc\u00edas extranjeras en naves, aeronaves, veh\u00edculos de transporte o unidades de carga, sin que se hayan sometido al control de las autoridades aduaneras.<\/li>\n<li>Viole o retire sellos, candados u otras seguridades colocadas en los medios de transporte, unidades de carga, recintos o locales habilitados como dep\u00f3sitos temporales, siempre que se determine faltante total o parcial de las mercanc\u00edas.<\/li>\n<li>Extraiga mercanc\u00edas que se encuentren en zona primaria o dep\u00f3sito temporal, sin haber obtenido el levante de las mismas. Los responsables de los dep\u00f3sitos temporales y las autoridades portuarias y aeroportuarias o sus concesionarios ser\u00e1n responsables si permiten por acci\u00f3n u omisi\u00f3n este delito.<\/li>\n<\/ol>\n<p>Incurre igualmente en el delito de contrabando y ser\u00e1 reprimida con la misma pena y multa, la persona que, con unidad de prop\u00f3sito, realice cualquiera de los actos previstos en este art\u00edculo en forma sistem\u00e1tica o fraccionada, en un solo acto o en diferentes actos de inferior importe cada uno. Cuando la autoridad competente detecte actos que podr\u00edan configurar el delito de contrabando en forma fraccionada, pondr\u00e1 en conocimiento de la Fiscal\u00eda General del Estado los actos realizados por el infractor en los doce meses anteriores al \u00faltimo acto.<\/p>\n<p>La legalizaci\u00f3n de las mercanc\u00edas no extingue la acci\u00f3n penal.<\/p>\n<\/li>\n<\/ol>\n<\/ol>\n<p>[\/et_pb_text][\/et_pb_column][\/et_pb_row][\/et_pb_section]<\/p>\n","protected":false},"excerpt":{"rendered":"<p>C\u00d3DIGO ORG\u00c1NICO INTEGRAL PENALArt. 208A.-Actos lesivos a la propiedad intelectual.-Ser\u00e1 sancionada con pena privativa de libertad de seis meses a un a\u00f1o, comiso y multa de ocho hasta trescientos salarios b\u00e1sicos unificados del trabajador en general, la persona que, a sabiendas, en violaci\u00f3n de los derechos de propiedad intelectual contemplados en la normativa aplicable, realice [&hellip;]<\/p>\n","protected":false},"author":1,"featured_media":0,"parent":0,"menu_order":0,"comment_status":"closed","ping_status":"closed","template":"","meta":{"_et_pb_use_builder":"on","_et_pb_old_content":"","_et_gb_content_width":"","footnotes":""},"_links":{"self":[{"href":"https:\/\/colectivoantipirateria.org\/index.php\/wp-json\/wp\/v2\/pages\/88"}],"collection":[{"href":"https:\/\/colectivoantipirateria.org\/index.php\/wp-json\/wp\/v2\/pages"}],"about":[{"href":"https:\/\/colectivoantipirateria.org\/index.php\/wp-json\/wp\/v2\/types\/page"}],"author":[{"embeddable":true,"href":"https:\/\/colectivoantipirateria.org\/index.php\/wp-json\/wp\/v2\/users\/1"}],"replies":[{"embeddable":true,"href":"https:\/\/colectivoantipirateria.org\/index.php\/wp-json\/wp\/v2\/comments?post=88"}],"version-history":[{"count":5,"href":"https:\/\/colectivoantipirateria.org\/index.php\/wp-json\/wp\/v2\/pages\/88\/revisions"}],"predecessor-version":[{"id":445,"href":"https:\/\/colectivoantipirateria.org\/index.php\/wp-json\/wp\/v2\/pages\/88\/revisions\/445"}],"wp:attachment":[{"href":"https:\/\/colectivoantipirateria.org\/index.php\/wp-json\/wp\/v2\/media?parent=88"}],"curies":[{"name":"wp","href":"https:\/\/api.w.org\/{rel}","templated":true}]}}