{"id":380,"date":"2025-09-19T22:27:40","date_gmt":"2025-09-19T20:27:40","guid":{"rendered":"https:\/\/colectivoantipirateria.org\/?page_id=380"},"modified":"2025-09-19T22:28:20","modified_gmt":"2025-09-19T20:28:20","slug":"380-2","status":"publish","type":"page","link":"https:\/\/colectivoantipirateria.org\/index.php\/380-2\/","title":{"rendered":"DECRETO LEGISLATIVO N\u00ba1075"},"content":{"rendered":"<p>[et_pb_section fb_built=&#8221;1&#8243; _builder_version=&#8221;4.17.4&#8243; _module_preset=&#8221;default&#8221; background_enable_image=&#8221;off&#8221; parallax=&#8221;on&#8221; background_enable_pattern_style=&#8221;on&#8221; background_pattern_style=&#8221;smiles&#8221; background_pattern_color=&#8221;rgba(0,0,0,0.02)&#8221; custom_margin=&#8221;0px||0px||true|false&#8221; custom_padding=&#8221;80px||80px||true|false&#8221; global_colors_info=&#8221;{}&#8221; theme_builder_area=&#8221;post_content&#8221;][et_pb_row _builder_version=&#8221;4.17.4&#8243; _module_preset=&#8221;default&#8221; max_width=&#8221;80%&#8221; custom_padding=&#8221;|||0%|false|false&#8221; animation_style=&#8221;fold&#8221; animation_direction=&#8221;left&#8221; border_width_bottom=&#8221;5px&#8221; border_color_bottom=&#8221;#143D3C&#8221; global_colors_info=&#8221;{}&#8221; theme_builder_area=&#8221;post_content&#8221;][et_pb_column type=&#8221;4_4&#8243; _builder_version=&#8221;4.17.4&#8243; _module_preset=&#8221;default&#8221; global_colors_info=&#8221;{}&#8221; theme_builder_area=&#8221;post_content&#8221;][et_pb_text _builder_version=&#8221;4.17.4&#8243; _module_preset=&#8221;default&#8221; header_text_color=&#8221;#00A79F&#8221; header_font_size=&#8221;65px&#8221; header_font_size_tablet=&#8221;65px&#8221; header_font_size_phone=&#8221;60px&#8221; header_font_size_last_edited=&#8221;on|phone&#8221; global_colors_info=&#8221;{}&#8221; theme_builder_area=&#8221;post_content&#8221;]<\/p>\n<h1>DECRETO LEGISLATIVO N\u00ba1075<\/h1>\n<p>[\/et_pb_text][\/et_pb_column][\/et_pb_row][et_pb_row _builder_version=&#8221;4.17.4&#8243; _module_preset=&#8221;default&#8221; max_width=&#8221;80%&#8221; custom_padding=&#8221;60px|||||&#8221; global_colors_info=&#8221;{}&#8221; theme_builder_area=&#8221;post_content&#8221;][et_pb_column type=&#8221;4_4&#8243; _builder_version=&#8221;4.17.4&#8243; _module_preset=&#8221;default&#8221; global_colors_info=&#8221;{}&#8221; theme_builder_area=&#8221;post_content&#8221;][et_pb_text _builder_version=&#8221;4.17.4&#8243; _module_preset=&#8221;default&#8221; text_font=&#8221;Montserrat||||||||&#8221; text_text_color=&#8221;#474747&#8243; text_font_size=&#8221;20px&#8221; text_line_height=&#8221;1.8em&#8221; ol_text_align=&#8221;justify&#8221; ol_font_size=&#8221;18px&#8221; text_orientation=&#8221;justified&#8221; global_colors_info=&#8221;{}&#8221; theme_builder_area=&#8221;post_content&#8221;]<\/p>\n<p><strong>Art 1.<\/strong> \u00c1mbito de aplicaci\u00f3n <br \/>El presente Decreto Legislativo tiene por objeto regular aspectos complementarios en la Decisi\u00f3n 486 que establece el R\u00e9gimen Com\u00fan sobre Propiedad Industrial, de conformidad con la Constituci\u00f3n Pol\u00edtica del Per\u00fa y los acuerdos y tratados internacionales suscritos sobre la materia<\/p>\n<p><strong>Art 3.<\/strong> Elementos constitutivos de la propiedad industrial<br \/>Para efectos del presente Decreto Legislativo, constituyen elementos de la propiedad industrial:<\/p>\n<p style=\"padding-left: 40px;\">a) Las patentes de invenci\u00f3n; <br \/>b) Los certificados de protecci\u00f3n;<br \/>c) Las patentes de modelos de utilidad;<br \/>d) Los dise\u00f1os industriales; <br \/>e) Los secretos empresariales; <br \/>f) Los esquemas de trazado de circuitos integrados; <br \/>g) Las marcas de productos y de servicios; <br \/>h) Las marcas colectivas; <br \/>i) Las marcas de certificaci\u00f3n; <br \/>j) Los nombres comerciales;<br \/>k) Los lemas comerciales; y <br \/>l) Las denominaciones de origen<\/p>\n<p><strong>Art 4.<\/strong> Entidades competentes<\/p>\n<p style=\"padding-left: 40px;\">4.1 La Direcci\u00f3n de Invenciones y Nuevas Tecnolog\u00edas del Instituto Nacional de Defensa de la Competencia y de la Protecci\u00f3n de la Propiedad Intelectual (INDECOPI) es competente para conocer y resolver en primera instancia todo lo relativo a patentes de invenci\u00f3n, certificados de protecci\u00f3n, modelos de utilidad, dise\u00f1os industriales y esquemas de trazado de circuitos integrados, incluyendo los procedimientos contenciosos en la v\u00eda administrativa sobre la materia, que son conocidos por la Comisi\u00f3n de Invenciones y Nuevas Tecnolog\u00edas. Asimismo, tiene a su cargo el listado de licencias de uso de tecnolog\u00eda, asistencia t\u00e9cnica, ingenier\u00eda b\u00e1sica y de detalle, gerencia y franquicia, de origen extranjero.<\/p>\n<p style=\"padding-left: 40px;\">4.2 La Direcci\u00f3n de Signos Distintivos del Instituto Nacional de Defensa de la Competencia y de la Protecci\u00f3n de la Propiedad Intelectual (INDECOPI) es competente para conocer y resolver en primera instancia todo lo relativo a marcas de producto o de servicio, nombres comerciales, lemas comerciales, marcas colectivas, marcas de certificaci\u00f3n, denominaciones de origen, indicaciones geogr\u00e1ficas y especialidades tradicionales garantizadas, incluyendo los procedimientos contenciosos en la v\u00eda administrativa sobre la materia, que son conocidos por la Comisi\u00f3n de Signos Distintivos. Asimismo, la Direcci\u00f3n de Signos Distintivos tiene a su cargo el registro de contratos que contengan licencias sobre signos distintivos y el registro de contratos de transferencia de tecnolog\u00eda.<\/p>\n<p style=\"padding-left: 40px;\">4.3 La Direcci\u00f3n de Invenciones y Nuevas Tecnolog\u00edas, a trav\u00e9s de su respectiva Comisi\u00f3n, conoce en segunda y \u00faltima instancia los recursos de apelaci\u00f3n interpuestos contra las resoluciones que deniegan en primera instancia solicitudes de registro de elementos de propiedad industrial en los que no se ha formulado oposici\u00f3n.<\/p>\n<p style=\"padding-left: 40px;\">4.4 La Direcci\u00f3n de Signos Distintivos, a trav\u00e9s de su respectiva Comisi\u00f3n, conoce en segunda y \u00faltima instancia los recursos de apelaci\u00f3n interpuestos contra las resoluciones de primera instancia reca\u00eddas en procedimientos no contenciosos.<\/p>\n<p style=\"padding-left: 40px;\">4.5 En los casos contemplados en los puntos 4.3. y 4.4 las resoluciones emitidas por las respectivas comisiones agotan la v\u00eda administrativa.<\/p>\n<p style=\"padding-left: 40px;\">4.6 La Sala Especializada en Propiedad Intelectual del Tribunal del Instituto Nacional de Defensa de la Competencia y de la Protecci\u00f3n de la Propiedad Intelectual (INDECOPI), salvo lo se\u00f1alado respecto a los procedimientos contemplados en los puntos 4.3. y 4.4, conocer\u00e1 y resolver\u00e1 en segunda y \u00faltima instancia administrativa los recursos de apelaci\u00f3n.&#8221;<\/p>\n<p><strong>Art 6. &#8211;<\/strong> Exclusividad de los derechos de propiedad industrial<br \/>Los derechos de propiedad industrial otorgan a su titular la exclusividad sobre el objeto de protecci\u00f3n y su ejercicio regular no puede ser sancionado como pr\u00e1ctica monop\u00f3lica ni como acto restrictivo de la competencia.<\/p>\n<ol>\n<li style=\"list-style-type: none;\">\n<ol><\/ol>\n<\/li>\n<\/ol>\n<p>[\/et_pb_text][\/et_pb_column][\/et_pb_row][\/et_pb_section]<\/p>\n","protected":false},"excerpt":{"rendered":"<p>DECRETO LEGISLATIVO N\u00ba1075Art 1. \u00c1mbito de aplicaci\u00f3n El presente Decreto Legislativo tiene por objeto regular aspectos complementarios en la Decisi\u00f3n 486 que establece el R\u00e9gimen Com\u00fan sobre Propiedad Industrial, de conformidad con la Constituci\u00f3n Pol\u00edtica del Per\u00fa y los acuerdos y tratados internacionales suscritos sobre la materia Art 3. Elementos constitutivos de la propiedad industrialPara [&hellip;]<\/p>\n","protected":false},"author":1,"featured_media":0,"parent":0,"menu_order":0,"comment_status":"closed","ping_status":"closed","template":"","meta":{"_et_pb_use_builder":"on","_et_pb_old_content":"","_et_gb_content_width":"","footnotes":""},"_links":{"self":[{"href":"https:\/\/colectivoantipirateria.org\/index.php\/wp-json\/wp\/v2\/pages\/380"}],"collection":[{"href":"https:\/\/colectivoantipirateria.org\/index.php\/wp-json\/wp\/v2\/pages"}],"about":[{"href":"https:\/\/colectivoantipirateria.org\/index.php\/wp-json\/wp\/v2\/types\/page"}],"author":[{"embeddable":true,"href":"https:\/\/colectivoantipirateria.org\/index.php\/wp-json\/wp\/v2\/users\/1"}],"replies":[{"embeddable":true,"href":"https:\/\/colectivoantipirateria.org\/index.php\/wp-json\/wp\/v2\/comments?post=380"}],"version-history":[{"count":3,"href":"https:\/\/colectivoantipirateria.org\/index.php\/wp-json\/wp\/v2\/pages\/380\/revisions"}],"predecessor-version":[{"id":384,"href":"https:\/\/colectivoantipirateria.org\/index.php\/wp-json\/wp\/v2\/pages\/380\/revisions\/384"}],"wp:attachment":[{"href":"https:\/\/colectivoantipirateria.org\/index.php\/wp-json\/wp\/v2\/media?parent=380"}],"curies":[{"name":"wp","href":"https:\/\/api.w.org\/{rel}","templated":true}]}}