{"id":375,"date":"2025-09-19T22:22:58","date_gmt":"2025-09-19T20:22:58","guid":{"rendered":"https:\/\/colectivoantipirateria.org\/?page_id=375"},"modified":"2025-09-19T22:24:13","modified_gmt":"2025-09-19T20:24:13","slug":"375-2","status":"publish","type":"page","link":"https:\/\/colectivoantipirateria.org\/index.php\/375-2\/","title":{"rendered":"DECRETO LEGISLATIVO N 823 \u2013 LEY DE PROPIEDAD INDUSTRIAL &#8211; PE"},"content":{"rendered":"<p>[et_pb_section fb_built=&#8221;1&#8243; _builder_version=&#8221;4.17.4&#8243; _module_preset=&#8221;default&#8221; background_enable_image=&#8221;off&#8221; parallax=&#8221;on&#8221; background_enable_pattern_style=&#8221;on&#8221; background_pattern_style=&#8221;smiles&#8221; background_pattern_color=&#8221;rgba(0,0,0,0.02)&#8221; custom_margin=&#8221;0px||0px||true|false&#8221; custom_padding=&#8221;80px||80px||true|false&#8221; global_colors_info=&#8221;{}&#8221; theme_builder_area=&#8221;post_content&#8221;][et_pb_row _builder_version=&#8221;4.17.4&#8243; _module_preset=&#8221;default&#8221; max_width=&#8221;80%&#8221; custom_padding=&#8221;|||0%|false|false&#8221; animation_style=&#8221;fold&#8221; animation_direction=&#8221;left&#8221; border_width_bottom=&#8221;5px&#8221; border_color_bottom=&#8221;#143D3C&#8221; global_colors_info=&#8221;{}&#8221; theme_builder_area=&#8221;post_content&#8221;][et_pb_column type=&#8221;4_4&#8243; _builder_version=&#8221;4.17.4&#8243; _module_preset=&#8221;default&#8221; global_colors_info=&#8221;{}&#8221; theme_builder_area=&#8221;post_content&#8221;][et_pb_text _builder_version=&#8221;4.17.4&#8243; _module_preset=&#8221;default&#8221; header_text_color=&#8221;#00A79F&#8221; header_font_size=&#8221;65px&#8221; header_font_size_tablet=&#8221;65px&#8221; header_font_size_phone=&#8221;60px&#8221; header_font_size_last_edited=&#8221;on|phone&#8221; global_colors_info=&#8221;{}&#8221; theme_builder_area=&#8221;post_content&#8221;]<\/p>\n<h1>DECRETO LEGISLATIVO N 823 \u2013 LEY DE PROPIEDAD INDUSTRIAL<\/h1>\n<p>[\/et_pb_text][\/et_pb_column][\/et_pb_row][et_pb_row _builder_version=&#8221;4.17.4&#8243; _module_preset=&#8221;default&#8221; max_width=&#8221;80%&#8221; custom_padding=&#8221;60px|||||&#8221; global_colors_info=&#8221;{}&#8221; theme_builder_area=&#8221;post_content&#8221; custom_margin=&#8221;|auto||191px||&#8221;][et_pb_column type=&#8221;4_4&#8243; _builder_version=&#8221;4.17.4&#8243; _module_preset=&#8221;default&#8221; global_colors_info=&#8221;{}&#8221; theme_builder_area=&#8221;post_content&#8221;][et_pb_text _builder_version=&#8221;4.17.4&#8243; _module_preset=&#8221;default&#8221; text_font=&#8221;Montserrat||||||||&#8221; text_text_color=&#8221;#474747&#8243; text_font_size=&#8221;20px&#8221; text_line_height=&#8221;1.8em&#8221; ol_text_align=&#8221;justify&#8221; ol_font_size=&#8221;18px&#8221; text_orientation=&#8221;justified&#8221; global_colors_info=&#8221;{}&#8221; theme_builder_area=&#8221;post_content&#8221;]<\/p>\n<p><strong>Art 1.<\/strong> La presente Ley tiene por objeto regular y proteger los elementos constitutivos de la propiedad industrial que se detallan en el Art\u00edculo 3\u00ba de la presente Ley, de conformidad con la Constituci\u00f3n Pol\u00edtica del Per\u00fa y los acuerdos y tratados internacionales suscritos por el Per\u00fa sobre la materia.<br \/><strong><\/strong><\/p>\n<p><strong>Art 3. &#8211;<\/strong> La protecci\u00f3n reconocida por la presente Ley recae, entre otros, sobre los elementos constitutivos de la propiedad industrial que se detallan a continuaci\u00f3n: a) Patentes de invenci\u00f3n; b) Certificados de protecci\u00f3n: c) Modelos de utilidad: d) Dise\u00f1os industriales; e) Secretos industriales; f) Marcas de productos y de servicios; g) Marcas colectivas; h) Marcas de certificaci\u00f3n; i) Nombres comerciales; j) Lemas comerciales; y, k) Denominaciones de origen.<br \/><strong><\/strong><\/p>\n<p><strong>Art 4.<\/strong> La Oficina de Invenciones y Nuevas Tecnologias del Instituto Nacional de Defensa de la Competencia y de la Protecci\u00f3n de la Propiedad Intelectual (Indecopi) es competente para conocer y resolver en primera inst\u00e2ncia todo lo relativo a patentes de invenci\u00f3n, certificados de protecci\u00f3n, modelos de utilidad y dise\u00f1os industriales, incluyendo los procesos contenciosos en la v\u00eda administrativa sobre la materia. Asimismo, tiene a su cargo el listado de licencias de uso de tecnolog\u00eda, asistencia t\u00e9cnica, ingenier\u00eda b\u00e1sica y de detalle, gerencia \u0443 franquicia, de origen extranjero, y es competente para recibir los dep\u00f3sitos de secretos industriales.<\/p>\n<p>La Oficina de Signos Distintivos del Instituto Nacional de Defensa de la Competencia y de la Protecci\u00f3n de la Propiedad Intelectual (Indecopi), es competente para conocer y resolver en primera instancia todo lo relativo a marcas, nombres y lemas comerciales y denominaciones de origen, incluyendo los procesos contenciosos en la v\u00eda administrativa sobre la materia.<\/p>\n<p>La Sala de la Propiedad Intelectual del Tribunal del Instituto Nacional de Defensa de la Competencia y de la Protecci\u00f3n de la Propiedad Intelectual (Indecopi), conocer\u00e1 y resolver\u00e1 los recursos de apelaci\u00f3n en segunda y \u00faltima instancia administrativa.<\/p>\n<p>&nbsp;<\/p>\n<ol>\n<li style=\"list-style-type: none;\">\n<ol><\/ol>\n<\/li>\n<\/ol>\n<p>[\/et_pb_text][\/et_pb_column][\/et_pb_row][\/et_pb_section]<\/p>\n","protected":false},"excerpt":{"rendered":"<p>DECRETO LEGISLATIVO N 823 \u2013 LEY DE PROPIEDAD INDUSTRIALArt 1. La presente Ley tiene por objeto regular y proteger los elementos constitutivos de la propiedad industrial que se detallan en el Art\u00edculo 3\u00ba de la presente Ley, de conformidad con la Constituci\u00f3n Pol\u00edtica del Per\u00fa y los acuerdos y tratados internacionales suscritos por el Per\u00fa [&hellip;]<\/p>\n","protected":false},"author":1,"featured_media":0,"parent":0,"menu_order":0,"comment_status":"closed","ping_status":"closed","template":"","meta":{"_et_pb_use_builder":"on","_et_pb_old_content":"","_et_gb_content_width":"","footnotes":""},"_links":{"self":[{"href":"https:\/\/colectivoantipirateria.org\/index.php\/wp-json\/wp\/v2\/pages\/375"}],"collection":[{"href":"https:\/\/colectivoantipirateria.org\/index.php\/wp-json\/wp\/v2\/pages"}],"about":[{"href":"https:\/\/colectivoantipirateria.org\/index.php\/wp-json\/wp\/v2\/types\/page"}],"author":[{"embeddable":true,"href":"https:\/\/colectivoantipirateria.org\/index.php\/wp-json\/wp\/v2\/users\/1"}],"replies":[{"embeddable":true,"href":"https:\/\/colectivoantipirateria.org\/index.php\/wp-json\/wp\/v2\/comments?post=375"}],"version-history":[{"count":3,"href":"https:\/\/colectivoantipirateria.org\/index.php\/wp-json\/wp\/v2\/pages\/375\/revisions"}],"predecessor-version":[{"id":379,"href":"https:\/\/colectivoantipirateria.org\/index.php\/wp-json\/wp\/v2\/pages\/375\/revisions\/379"}],"wp:attachment":[{"href":"https:\/\/colectivoantipirateria.org\/index.php\/wp-json\/wp\/v2\/media?parent=375"}],"curies":[{"name":"wp","href":"https:\/\/api.w.org\/{rel}","templated":true}]}}