{"id":344,"date":"2025-09-19T21:53:54","date_gmt":"2025-09-19T19:53:54","guid":{"rendered":"https:\/\/colectivoantipirateria.org\/?page_id=344"},"modified":"2025-09-22T23:31:15","modified_gmt":"2025-09-22T21:31:15","slug":"344-2","status":"publish","type":"page","link":"https:\/\/colectivoantipirateria.org\/index.php\/344-2\/","title":{"rendered":"CONVENIO DE PARIS PARA LA PROTECCI\u00d3N DE LA PROPIEDAD INDUSTRIAL &#8211; PE"},"content":{"rendered":"<p>[et_pb_section fb_built=&#8221;1&#8243; _builder_version=&#8221;4.17.4&#8243; _module_preset=&#8221;default&#8221; background_enable_image=&#8221;off&#8221; parallax=&#8221;on&#8221; background_enable_pattern_style=&#8221;on&#8221; background_pattern_style=&#8221;smiles&#8221; background_pattern_color=&#8221;rgba(0,0,0,0.02)&#8221; custom_margin=&#8221;0px||0px||true|false&#8221; custom_padding=&#8221;80px||80px||true|false&#8221; global_colors_info=&#8221;{}&#8221;][et_pb_row _builder_version=&#8221;4.17.4&#8243; _module_preset=&#8221;default&#8221; max_width=&#8221;80%&#8221; custom_padding=&#8221;|||0%|false|false&#8221; animation_style=&#8221;fold&#8221; animation_direction=&#8221;left&#8221; border_width_bottom=&#8221;5px&#8221; border_color_bottom=&#8221;#143D3C&#8221; global_colors_info=&#8221;{}&#8221;][et_pb_column type=&#8221;4_4&#8243; _builder_version=&#8221;4.17.4&#8243; _module_preset=&#8221;default&#8221; global_colors_info=&#8221;{}&#8221;][et_pb_text _builder_version=&#8221;4.17.4&#8243; _module_preset=&#8221;default&#8221; header_text_color=&#8221;#00A79F&#8221; header_font_size=&#8221;65px&#8221; header_font_size_tablet=&#8221;65px&#8221; header_font_size_phone=&#8221;60px&#8221; header_font_size_last_edited=&#8221;on|phone&#8221; global_colors_info=&#8221;{}&#8221;]<\/p>\n<h1>CONVENIO DE PAR\u00cdS PARA LA PROTECCI\u00d3N DE LA PROPIEDAD INDUSTRIAL<\/h1>\n<p>[\/et_pb_text][\/et_pb_column][\/et_pb_row][et_pb_row _builder_version=&#8221;4.17.4&#8243; _module_preset=&#8221;default&#8221; max_width=&#8221;80%&#8221; custom_padding=&#8221;60px|||||&#8221; global_colors_info=&#8221;{}&#8221;][et_pb_column type=&#8221;4_4&#8243; _builder_version=&#8221;4.17.4&#8243; _module_preset=&#8221;default&#8221; global_colors_info=&#8221;{}&#8221;][et_pb_text _builder_version=&#8221;4.17.4&#8243; _module_preset=&#8221;default&#8221; text_font=&#8221;Montserrat||||||||&#8221; text_text_color=&#8221;#474747&#8243; text_font_size=&#8221;20px&#8221; text_line_height=&#8221;1.8em&#8221; text_orientation=&#8221;justified&#8221; global_colors_info=&#8221;{}&#8221;]<\/p>\n<p style=\"padding-left: 40px;\">1) Los pa\u00edses a los cuales se aplica el presente Convenio se constituyen en Uni\u00f3n para la protecci\u00f3n de la propiedad industrial.<\/p>\n<p style=\"padding-left: 40px;\">2) La protecci\u00f3n de la propiedad industrial tiene por objeto las patentes de invenci\u00f3n, los modelos de utilidad, los dibujos o modelos industriales, las marcas de f\u00e1brica o de comercio, las marcas de servicio, el nombre comercial, las indicaciones de procedencia o denominaciones de origen, as\u00ed como la represi\u00f3n de la competencia desleal.<\/p>\n<p style=\"padding-left: 40px;\">3) La propiedad industrial se entiende en su acepci\u00f3n m\u00e1s amplia y se aplica no solo a la industria y al comercio propiamente dichos, sino tambi\u00e9n al dominio de las industrias agr\u00edcolas y extractivas y a todos los productos fabricados o naturales, por ejemplo: vinos, granos, hojas de tabaco, frutos, animales, minerales, aguas minerales, cervezas, flores, harinas.<\/p>\n<p style=\"padding-left: 40px;\">4) Entre las patentes de invenci\u00f3n se incluyen las diversas especies de patentes industriales admitidas por las legislaciones de los pa\u00edses de la Uni\u00f3n, tales como patentes de importaci\u00f3n, patentes de perfeccionamiento, patentes y certificados de adici\u00f3n, etc.<\/p>\n<p>Marcas: marcas de servicio. Los pa\u00edses de la Uni\u00f3n se comprometen a proteger las marcas de servicio. No est\u00e1n obligados a prever el registro de estas marcas.<\/p>\n<p style=\"padding-left: 40px;\">\n<p>[\/et_pb_text][\/et_pb_column][\/et_pb_row][\/et_pb_section]<\/p>\n","protected":false},"excerpt":{"rendered":"<p>CONVENIO DE PAR\u00cdS PARA LA PROTECCI\u00d3N DE LA PROPIEDAD INDUSTRIAL1) Los pa\u00edses a los cuales se aplica el presente Convenio se constituyen en Uni\u00f3n para la protecci\u00f3n de la propiedad industrial. 2) La protecci\u00f3n de la propiedad industrial tiene por objeto las patentes de invenci\u00f3n, los modelos de utilidad, los dibujos o modelos industriales, las [&hellip;]<\/p>\n","protected":false},"author":1,"featured_media":0,"parent":0,"menu_order":0,"comment_status":"closed","ping_status":"closed","template":"","meta":{"_et_pb_use_builder":"on","_et_pb_old_content":"","_et_gb_content_width":"","footnotes":""},"_links":{"self":[{"href":"https:\/\/colectivoantipirateria.org\/index.php\/wp-json\/wp\/v2\/pages\/344"}],"collection":[{"href":"https:\/\/colectivoantipirateria.org\/index.php\/wp-json\/wp\/v2\/pages"}],"about":[{"href":"https:\/\/colectivoantipirateria.org\/index.php\/wp-json\/wp\/v2\/types\/page"}],"author":[{"embeddable":true,"href":"https:\/\/colectivoantipirateria.org\/index.php\/wp-json\/wp\/v2\/users\/1"}],"replies":[{"embeddable":true,"href":"https:\/\/colectivoantipirateria.org\/index.php\/wp-json\/wp\/v2\/comments?post=344"}],"version-history":[{"count":5,"href":"https:\/\/colectivoantipirateria.org\/index.php\/wp-json\/wp\/v2\/pages\/344\/revisions"}],"predecessor-version":[{"id":456,"href":"https:\/\/colectivoantipirateria.org\/index.php\/wp-json\/wp\/v2\/pages\/344\/revisions\/456"}],"wp:attachment":[{"href":"https:\/\/colectivoantipirateria.org\/index.php\/wp-json\/wp\/v2\/media?parent=344"}],"curies":[{"name":"wp","href":"https:\/\/api.w.org\/{rel}","templated":true}]}}