{"id":302,"date":"2025-09-19T20:52:20","date_gmt":"2025-09-19T18:52:20","guid":{"rendered":"https:\/\/colectivoantipirateria.org\/?page_id=302"},"modified":"2025-09-19T22:41:15","modified_gmt":"2025-09-19T20:41:15","slug":"302-2","status":"publish","type":"page","link":"https:\/\/colectivoantipirateria.org\/index.php\/302-2\/","title":{"rendered":"LEY 1915 DE 2018 &#8211; CO"},"content":{"rendered":"<p>[et_pb_section fb_built=&#8221;1&#8243; _builder_version=&#8221;4.17.4&#8243; _module_preset=&#8221;default&#8221; background_enable_image=&#8221;off&#8221; parallax=&#8221;on&#8221; background_enable_pattern_style=&#8221;on&#8221; background_pattern_style=&#8221;smiles&#8221; background_pattern_color=&#8221;rgba(0,0,0,0.02)&#8221; custom_margin=&#8221;0px||0px||true|false&#8221; custom_padding=&#8221;80px||80px||true|false&#8221; global_colors_info=&#8221;{}&#8221;][et_pb_row _builder_version=&#8221;4.17.4&#8243; _module_preset=&#8221;default&#8221; max_width=&#8221;80%&#8221; custom_padding=&#8221;|||0%|false|false&#8221; animation_style=&#8221;fold&#8221; animation_direction=&#8221;left&#8221; border_width_bottom=&#8221;5px&#8221; border_color_bottom=&#8221;#143D3C&#8221; global_colors_info=&#8221;{}&#8221;][et_pb_column type=&#8221;4_4&#8243; _builder_version=&#8221;4.17.4&#8243; _module_preset=&#8221;default&#8221; global_colors_info=&#8221;{}&#8221;][et_pb_text _builder_version=&#8221;4.17.4&#8243; _module_preset=&#8221;default&#8221; header_text_color=&#8221;#00A79F&#8221; header_font_size=&#8221;65px&#8221; header_font_size_tablet=&#8221;65px&#8221; header_font_size_phone=&#8221;60px&#8221; header_font_size_last_edited=&#8221;on|phone&#8221; global_colors_info=&#8221;{}&#8221;]<\/p>\n<h1>LEY 1915 DE 2018<\/h1>\n<p>[\/et_pb_text][\/et_pb_column][\/et_pb_row][et_pb_row _builder_version=&#8221;4.17.4&#8243; _module_preset=&#8221;default&#8221; max_width=&#8221;80%&#8221; custom_padding=&#8221;60px|||||&#8221; global_colors_info=&#8221;{}&#8221;][et_pb_column type=&#8221;4_4&#8243; _builder_version=&#8221;4.17.4&#8243; _module_preset=&#8221;default&#8221; global_colors_info=&#8221;{}&#8221;][et_pb_text _builder_version=&#8221;4.17.4&#8243; _module_preset=&#8221;default&#8221; text_font=&#8221;Montserrat||||||||&#8221; text_text_color=&#8221;#474747&#8243; text_font_size=&#8221;20px&#8221; text_line_height=&#8221;1.8em&#8221; ol_text_align=&#8221;justify&#8221; ol_font_size=&#8221;18px&#8221; text_orientation=&#8221;justified&#8221; global_colors_info=&#8221;{}&#8221;]<\/p>\n<ol>\n<li style=\"list-style-type: none;\"><span style=\"font-size: 20px;\"><strong>Art 2.<\/strong> Los derechos consagrados a favor de los artistas int\u00e9rpretes o ejecutantes, los productores de fonogramas y los organismos de radiodifusi\u00f3n tendr\u00e1n la siguiente duraci\u00f3n:<\/span><\/li>\n<\/ol>\n<p>a) Cuando el titular sea persona natural, la protecci\u00f3n se dispensar\u00e1 durante su vida y 80 a\u00f1os m\u00e1s, contados a partir del 1 de enero del a\u00f1o siguiente a su muerte;<\/p>\n<p>b) Cuando el titular sea persona jur\u00eddica, el plazo de protecci\u00f3n ser\u00e1 de:<\/p>\n<p style=\"padding-left: 40px;\">1. 70 a\u00f1os, contados a partir del final del a\u00f1o calendario de la primera publicaci\u00f3n autorizada de la interpretaci\u00f3n, ejecuci\u00f3n o del fonograma. A falta de tal publicaci\u00f3n autorizada dentro de los 50 a\u00f1os, contados a partir de la realizaci\u00f3n de la interpretaci\u00f3n, ejecuci\u00f3n, o del fonograma, el plazo ser\u00e1 de 70 a\u00f1os a partir del final del a\u00f1o calendario en que se realiz\u00f3 la interpretaci\u00f3n o ejecuci\u00f3n o el fonograma;<\/p>\n<p style=\"padding-left: 40px;\">2. 70 a\u00f1os, contados a partir del final del a\u00f1o calendario en que se haya realizado la primera emisi\u00f3n de radiodifusi\u00f3n.<\/p>\n<p><strong>Art 12.<\/strong> El autor o, en su caso, sus derechohabientes, tienen sobre las obras literarias y art\u00edsticas el derecho exclusivo de autorizar, o prohibir:<\/p>\n<p style=\"padding-left: 40px;\">a) La reproducci\u00f3n de la obra bajo cualquier manera o forma, permanente o temporal, mediante cualquier procedimiento incluyendo el almacenamiento temporal en forma electr\u00f3nica;<\/p>\n<p style=\"padding-left: 40px;\">b) La comunicaci\u00f3n al p\u00fablico de la obra por cualquier medio o procedimiento, ya sean estos al\u00e1mbricos o inal\u00e1mbricos, incluyendo la puesta a disposici\u00f3n al p\u00fablico, de tal forma que los miembros del p\u00fablico puedan tener acceso a ella desde el lugar y en el momento que cada uno de ellos elija;<\/p>\n<p style=\"padding-left: 40px;\">c) La distribuci\u00f3n p\u00fablica del original y copias de sus obras, mediante la venta o a trav\u00e9s de cualquier forma de transferencia de propiedad;<\/p>\n<p style=\"padding-left: 40px;\">d) La importaci\u00f3n de copias hechas sin autorizaci\u00f3n del titular del derecho;<\/p>\n<p style=\"padding-left: 40px;\">e) El alquiler comercial al p\u00fablico del original o de los ejemplares de sus obras;<\/p>\n<p style=\"padding-left: 40px;\">f) La traducci\u00f3n, adaptaci\u00f3n, arreglo u otra transformaci\u00f3n de la obra.<\/p>\n<p><strong>Art 126.<\/strong> Los tr\u00e1mites y decisiones relacionadas con las solicitudes de dise\u00f1os industriales se adelantar\u00e1n en la Divisi\u00f3n de Nuevas Creaciones de la Delegatura de Propiedad Industrial de la Superintendencia de Industria y Comercio\u201d.<\/p>\n<p>&nbsp;<\/p>\n<p>[\/et_pb_text][\/et_pb_column][\/et_pb_row][\/et_pb_section]<\/p>\n","protected":false},"excerpt":{"rendered":"<p>LEY 1915 DE 2018 Art 2. Los derechos consagrados a favor de los artistas int\u00e9rpretes o ejecutantes, los productores de fonogramas y los organismos de radiodifusi\u00f3n tendr\u00e1n la siguiente duraci\u00f3n: a) Cuando el titular sea persona natural, la protecci\u00f3n se dispensar\u00e1 durante su vida y 80 a\u00f1os m\u00e1s, contados a partir del 1 de enero [&hellip;]<\/p>\n","protected":false},"author":1,"featured_media":0,"parent":0,"menu_order":0,"comment_status":"closed","ping_status":"closed","template":"","meta":{"_et_pb_use_builder":"on","_et_pb_old_content":"","_et_gb_content_width":"","footnotes":""},"_links":{"self":[{"href":"https:\/\/colectivoantipirateria.org\/index.php\/wp-json\/wp\/v2\/pages\/302"}],"collection":[{"href":"https:\/\/colectivoantipirateria.org\/index.php\/wp-json\/wp\/v2\/pages"}],"about":[{"href":"https:\/\/colectivoantipirateria.org\/index.php\/wp-json\/wp\/v2\/types\/page"}],"author":[{"embeddable":true,"href":"https:\/\/colectivoantipirateria.org\/index.php\/wp-json\/wp\/v2\/users\/1"}],"replies":[{"embeddable":true,"href":"https:\/\/colectivoantipirateria.org\/index.php\/wp-json\/wp\/v2\/comments?post=302"}],"version-history":[{"count":5,"href":"https:\/\/colectivoantipirateria.org\/index.php\/wp-json\/wp\/v2\/pages\/302\/revisions"}],"predecessor-version":[{"id":399,"href":"https:\/\/colectivoantipirateria.org\/index.php\/wp-json\/wp\/v2\/pages\/302\/revisions\/399"}],"wp:attachment":[{"href":"https:\/\/colectivoantipirateria.org\/index.php\/wp-json\/wp\/v2\/media?parent=302"}],"curies":[{"name":"wp","href":"https:\/\/api.w.org\/{rel}","templated":true}]}}