{"id":287,"date":"2025-09-19T20:37:04","date_gmt":"2025-09-19T18:37:04","guid":{"rendered":"https:\/\/colectivoantipirateria.org\/?page_id=287"},"modified":"2025-09-20T00:55:31","modified_gmt":"2025-09-19T22:55:31","slug":"287-2","status":"publish","type":"page","link":"https:\/\/colectivoantipirateria.org\/index.php\/287-2\/","title":{"rendered":"Ley 23 de 1982 SOBRE DERECHOS DE AUTOR &#8211; CO"},"content":{"rendered":"<p>[et_pb_section fb_built=&#8221;1&#8243; _builder_version=&#8221;4.17.4&#8243; _module_preset=&#8221;default&#8221; background_enable_image=&#8221;off&#8221; parallax=&#8221;on&#8221; background_enable_pattern_style=&#8221;on&#8221; background_pattern_style=&#8221;smiles&#8221; background_pattern_color=&#8221;rgba(0,0,0,0.02)&#8221; custom_margin=&#8221;0px||0px||true|false&#8221; custom_padding=&#8221;80px||80px||true|false&#8221; global_colors_info=&#8221;{}&#8221;][et_pb_row _builder_version=&#8221;4.17.4&#8243; _module_preset=&#8221;default&#8221; max_width=&#8221;80%&#8221; custom_padding=&#8221;|||0%|false|false&#8221; animation_style=&#8221;fold&#8221; animation_direction=&#8221;left&#8221; border_width_bottom=&#8221;5px&#8221; border_color_bottom=&#8221;#143D3C&#8221; global_colors_info=&#8221;{}&#8221;][et_pb_column type=&#8221;4_4&#8243; _builder_version=&#8221;4.17.4&#8243; _module_preset=&#8221;default&#8221; global_colors_info=&#8221;{}&#8221;][et_pb_text _builder_version=&#8221;4.17.4&#8243; _module_preset=&#8221;default&#8221; header_text_color=&#8221;#00A79F&#8221; header_font_size=&#8221;65px&#8221; header_font_size_tablet=&#8221;65px&#8221; header_font_size_phone=&#8221;60px&#8221; header_font_size_last_edited=&#8221;on|phone&#8221; global_colors_info=&#8221;{}&#8221;]<\/p>\n<h1>Ley 23 de 1982 SOBRE DERECHOS DE AUTOR<\/h1>\n<p>[\/et_pb_text][\/et_pb_column][\/et_pb_row][et_pb_row _builder_version=&#8221;4.17.4&#8243; _module_preset=&#8221;default&#8221; max_width=&#8221;80%&#8221; custom_padding=&#8221;60px|||||&#8221; global_colors_info=&#8221;{}&#8221;][et_pb_column type=&#8221;4_4&#8243; _builder_version=&#8221;4.17.4&#8243; _module_preset=&#8221;default&#8221; global_colors_info=&#8221;{}&#8221;][et_pb_text _builder_version=&#8221;4.17.4&#8243; _module_preset=&#8221;default&#8221; text_font=&#8221;Montserrat||||||||&#8221; text_text_color=&#8221;#474747&#8243; text_font_size=&#8221;20px&#8221; text_line_height=&#8221;1.8em&#8221; ol_text_align=&#8221;justify&#8221; ol_font_size=&#8221;18px&#8221; text_orientation=&#8221;justified&#8221; global_colors_info=&#8221;{}&#8221;]<\/p>\n<p><strong>Art 1.<\/strong> Los autores de obras literarias, cient\u00edficas y art\u00edsticas gozar\u00e1n de protecci\u00f3n para sus obras en la forma prescrita por la presente Ley y, en cuanto fuere compatible con ella, por el derecho com\u00fan. Tambi\u00e9n protege esta Ley a los int\u00e9rpretes o ejecutantes, a los productores de fonogramas y a los organismos de radiodifusi\u00f3n, en sus derechos conexos a los del autor.<\/p>\n<p><strong>Art 2.<\/strong> Los derechos del autor recaen sobre las obras cient\u00edficas, literarias y art\u00edsticas las cuales comprenden todas las creaciones del esp\u00edritu en el campo cient\u00edfico, literario y art\u00edstico, cualquiera que sea el modo o forma de expresi\u00f3n y cualquiera que sea su destinaci\u00f3n, tales como: los libros, folletos y otros escritos; las conferencias, alocuciones, sermones y otras obras de la misma naturaleza; las obras dram\u00e1ticas o dram\u00e1tico musicales; las obras coreogr\u00e1ficas y las pantomimas; las composiciones musicales con letra o sin ella; las obras cinematogr\u00e1ficas, a las cuales se asimilan las obras expresadas por procedimiento an\u00e1logo a la cinematograf\u00eda, inclusive los videogramas; las obras de dibujo, pintura, arquitectura, escultura, grabado, litograf\u00eda; las obras fotogr\u00e1ficas a las cuales se asimilan las expresadas por procedimiento an\u00e1logo a la fotograf\u00eda; las obras de arte aplicadas; las ilustraciones, mapas, planos, croquis y obras pl\u00e1sticas relativas a la geograf\u00eda, a la topograf\u00eda, a la arquitectura o a las ciencias, y, en fin, toda producci\u00f3n del dominio cient\u00edfico, literario o art\u00edstico que pueda reproducirse, o definirse por cualquier forma de impresi\u00f3n o de reproducci\u00f3n, por fonograf\u00eda, radiotelefon\u00eda o cualquier otro medio conocido o por conocer.<\/p>\n<p>Los derechos de autor se reputan de inter\u00e9s social y son preferentes a los de los int\u00e9rpretes o ejecutantes, de los productores de fonogramas y de los organismos de radiodifusi\u00f3n, y en caso de conflicto primar\u00e1n los derechos del autor.<\/p>\n<p><strong>Art 3.<\/strong> Los derechos de autor comprenden para sus titulares las facultades exclusivas:<\/p>\n<p style=\"padding-left: 40px;\">a) De disponer de su obra a t\u00edtulo gratuito y oneroso bajo las condiciones l\u00edcitas que su libre criterio les dicte;<\/p>\n<p style=\"padding-left: 40px;\">b) De aprovecharla, con fines de lucro o sin \u00e9l, por medio de la imprenta, grabado, copias molde, fonograma, fotograf\u00eda, pel\u00edcula cinematogr\u00e1fica, videograma, y por la ejecuci\u00f3n, recitaci\u00f3n, representaci\u00f3n, traducci\u00f3n, adaptaci\u00f3n, exhibici\u00f3n, transmisi\u00f3n, o cualquier otro medio de reproducci\u00f3n, multiplicaci\u00f3n, o difusi\u00f3n conocida o por conocer;<\/p>\n<p style=\"padding-left: 40px;\">c) De ejercer las prerrogativas, aseguradas por esta Ley, en defensa de su &#8220;derecho moral&#8221;, como se estipula en el cap\u00edtulo II, secci\u00f3n segunda art\u00edculo 30 de esta Ley, y<\/p>\n<p style=\"padding-left: 40px;\">d) De obtener una remuneraci\u00f3n a la propiedad intelectual por ejecuci\u00f3n p\u00fablica o divulgaci\u00f3n, en donde prime el derecho de autor sobre los dem\u00e1s, en una proporci\u00f3n no menor del sesenta por ciento (60%) del total recaudado.<\/p>\n<p><strong><\/strong><\/p>\n<p>&nbsp;<\/p>\n<p>[\/et_pb_text][\/et_pb_column][\/et_pb_row][\/et_pb_section]<\/p>\n","protected":false},"excerpt":{"rendered":"<p>Ley 23 de 1982 SOBRE DERECHOS DE AUTORArt 1. Los autores de obras literarias, cient\u00edficas y art\u00edsticas gozar\u00e1n de protecci\u00f3n para sus obras en la forma prescrita por la presente Ley y, en cuanto fuere compatible con ella, por el derecho com\u00fan. Tambi\u00e9n protege esta Ley a los int\u00e9rpretes o ejecutantes, a los productores de [&hellip;]<\/p>\n","protected":false},"author":1,"featured_media":0,"parent":0,"menu_order":0,"comment_status":"closed","ping_status":"closed","template":"","meta":{"_et_pb_use_builder":"on","_et_pb_old_content":"","_et_gb_content_width":"","footnotes":""},"_links":{"self":[{"href":"https:\/\/colectivoantipirateria.org\/index.php\/wp-json\/wp\/v2\/pages\/287"}],"collection":[{"href":"https:\/\/colectivoantipirateria.org\/index.php\/wp-json\/wp\/v2\/pages"}],"about":[{"href":"https:\/\/colectivoantipirateria.org\/index.php\/wp-json\/wp\/v2\/types\/page"}],"author":[{"embeddable":true,"href":"https:\/\/colectivoantipirateria.org\/index.php\/wp-json\/wp\/v2\/users\/1"}],"replies":[{"embeddable":true,"href":"https:\/\/colectivoantipirateria.org\/index.php\/wp-json\/wp\/v2\/comments?post=287"}],"version-history":[{"count":12,"href":"https:\/\/colectivoantipirateria.org\/index.php\/wp-json\/wp\/v2\/pages\/287\/revisions"}],"predecessor-version":[{"id":427,"href":"https:\/\/colectivoantipirateria.org\/index.php\/wp-json\/wp\/v2\/pages\/287\/revisions\/427"}],"wp:attachment":[{"href":"https:\/\/colectivoantipirateria.org\/index.php\/wp-json\/wp\/v2\/media?parent=287"}],"curies":[{"name":"wp","href":"https:\/\/api.w.org\/{rel}","templated":true}]}}