{"id":277,"date":"2025-09-19T20:25:23","date_gmt":"2025-09-19T18:25:23","guid":{"rendered":"https:\/\/colectivoantipirateria.org\/?page_id=277"},"modified":"2025-09-19T22:42:36","modified_gmt":"2025-09-19T20:42:36","slug":"277-2","status":"publish","type":"page","link":"https:\/\/colectivoantipirateria.org\/index.php\/277-2\/","title":{"rendered":"C\u00d3DIGO PENAL (LEY 599 DE 2000) &#8211; CO"},"content":{"rendered":"<p>[et_pb_section fb_built=&#8221;1&#8243; _builder_version=&#8221;4.17.4&#8243; _module_preset=&#8221;default&#8221; background_enable_image=&#8221;off&#8221; parallax=&#8221;on&#8221; background_enable_pattern_style=&#8221;on&#8221; background_pattern_style=&#8221;smiles&#8221; background_pattern_color=&#8221;rgba(0,0,0,0.02)&#8221; custom_margin=&#8221;0px||0px||true|false&#8221; custom_padding=&#8221;80px||80px||true|false&#8221; global_colors_info=&#8221;{}&#8221;][et_pb_row _builder_version=&#8221;4.17.4&#8243; _module_preset=&#8221;default&#8221; max_width=&#8221;80%&#8221; custom_padding=&#8221;|||0%|false|false&#8221; animation_style=&#8221;fold&#8221; animation_direction=&#8221;left&#8221; border_width_bottom=&#8221;5px&#8221; border_color_bottom=&#8221;#143D3C&#8221; global_colors_info=&#8221;{}&#8221;][et_pb_column type=&#8221;4_4&#8243; _builder_version=&#8221;4.17.4&#8243; _module_preset=&#8221;default&#8221; global_colors_info=&#8221;{}&#8221;][et_pb_text _builder_version=&#8221;4.17.4&#8243; _module_preset=&#8221;default&#8221; header_text_color=&#8221;#00A79F&#8221; header_font_size=&#8221;65px&#8221; header_font_size_tablet=&#8221;65px&#8221; header_font_size_phone=&#8221;60px&#8221; header_font_size_last_edited=&#8221;on|phone&#8221; global_colors_info=&#8221;{}&#8221;]<\/p>\n<h1>C\u00d3DIGO PENAL (LEY 599 DE 2000)<\/h1>\n<p>[\/et_pb_text][\/et_pb_column][\/et_pb_row][et_pb_row _builder_version=&#8221;4.17.4&#8243; _module_preset=&#8221;default&#8221; max_width=&#8221;80%&#8221; custom_padding=&#8221;60px|||||&#8221; global_colors_info=&#8221;{}&#8221;][et_pb_column type=&#8221;4_4&#8243; _builder_version=&#8221;4.17.4&#8243; _module_preset=&#8221;default&#8221; global_colors_info=&#8221;{}&#8221;][et_pb_text _builder_version=&#8221;4.17.4&#8243; _module_preset=&#8221;default&#8221; text_font=&#8221;Montserrat||||||||&#8221; text_text_color=&#8221;#474747&#8243; text_font_size=&#8221;20px&#8221; text_line_height=&#8221;1.8em&#8221; ol_text_align=&#8221;justify&#8221; ol_font_size=&#8221;18px&#8221; text_orientation=&#8221;justified&#8221; global_colors_info=&#8221;{}&#8221;]<\/p>\n<ul><\/ul>\n<p><strong>Art 270.<\/strong> Violaci\u00f3n a los derechos morales de autor. Incurrir\u00e1 en prisi\u00f3n de treinta y dos (32) a noventa (90) meses y multa de veinte seis puntos sesenta y seis (26.66) a trescientos (300) salarios m\u00ednimos legales mensuales vigentes quien:<\/p>\n<p style=\"padding-left: 40px;\">1. Publique, total o parcialmente, sin autorizaci\u00f3n previa y expresa del titular del derecho, una obra in\u00e9dita de car\u00e1cter literario, art\u00edstico, cient\u00edfico, cinematogr\u00e1fico, audiovisual o fonograma, programa de ordenador o soporte l\u00f3gico.<\/p>\n<p style=\"padding-left: 40px;\">2. Inscriba en el registro de autor con nombre de persona distinta del autor verdadero, o con t\u00edtulo cambiado o suprimido, o con el texto alterado, deformado, modificado o mutilado, o mencionando falsamente el nombre del editor o productor de una obra de car\u00e1cter literario, art\u00edstico, cient\u00edfico, audiovisual o fonograma, programa de ordenador o soporte l\u00f3gico.<\/p>\n<p style=\"padding-left: 40px;\">3. Por cualquier medio o procedimiento compendie, mutile o transforme, sin autorizaci\u00f3n previa o expresa de su titular, una obra de car\u00e1cter literario, art\u00edstico, cient\u00edfico, audiovisual o fonograma, programa de ordenador o soporte l\u00f3gico.<\/p>\n<p><strong>Art 271.<\/strong> Violaci\u00f3n a los derechos patrimoniales de autor y derechos conexos. Incurrir\u00e1 en prisi\u00f3n de cuatro (4) a ocho (8) a\u00f1os y multa de veintis\u00e9is puntos sesenta y seis (26.66) a mil (1.000) salarios m\u00ednimos legales mensuales vigentes quien, salvo las excepciones previstas en la ley, sin autorizaci\u00f3n previa y expresa del titular de los derechos correspondientes:<\/p>\n<p style=\"padding-left: 40px;\">1. Por cualquier medio o procedimiento, reproduzca una obra de car\u00e1cter literario, cient\u00edfico, art\u00edstico o cinematogr\u00e1fico, fonograma, videograma, soporte l\u00f3gico o programa de ordenador, o, quien transporte, almacene, conserve, distribuya, importe, venda, ofrezca, adquiera para la venta o distribuci\u00f3n, o suministre a cualquier t\u00edtulo dichas reproducciones.<\/p>\n<p style=\"padding-left: 40px;\">2. Represente, ejecute o exhiba p\u00fablicamente obras teatrales, musicales, fonogramas, videogramas, obras cinematogr\u00e1ficas, o cualquier otra obra de car\u00e1cter literario o art\u00edstico.<\/p>\n<p style=\"padding-left: 40px;\">3. Alquile o, de cualquier otro modo, comercialice fonogramas, videogramas, programas de ordenador o soportes l\u00f3gicos u obras cinematogr\u00e1ficas.<\/p>\n<p style=\"padding-left: 40px;\">4. Fije, reproduzca o comercialice las representaciones p\u00fablicas de obras teatrales o musicales.<\/p>\n<p style=\"padding-left: 40px;\">5. Disponga, realice o utilice, por cualquier medio o procedimiento, la comunicaci\u00f3n, fijaci\u00f3n, ejecuci\u00f3n, exhibici\u00f3n, comercializaci\u00f3n, difusi\u00f3n o distribuci\u00f3n y representaci\u00f3n de una obra de las protegidas en este t\u00edtulo.<\/p>\n<p style=\"padding-left: 40px;\">6. Retransmita, fije, reproduzca o, por cualquier medio sonoro o audiovisual, divulgue las emisiones de los organismos de radiodifusi\u00f3n.<\/p>\n<p style=\"padding-left: 40px;\">7. Recepcione, difunda o distribuya por cualquier medio las emisiones de la televisi\u00f3n por suscripci\u00f3n.<\/p>\n<p><strong>Art 272.<\/strong> Violaci\u00f3n a los mecanismos de protecci\u00f3n de derecho de autor y derechos conexos, y otras defraudaciones. Incurrir\u00e1 en prisi\u00f3n de cuatro (4) a ocho (8) a\u00f1os y multa de veintis\u00e9is, punto sesenta y seis (26.66) a mil (1.000) salarios m\u00ednimos legales mensuales vigentes, quien con el fin de lograr una ventaja comercial o ganancia econ\u00f3mica privada y salvo las excepciones previstas en la ley:<\/p>\n<p style=\"padding-left: 40px;\">1. Eluda sin autorizaci\u00f3n las medidas tecnol\u00f3gicas efectivas impuestas para controlar el acceso a una obra, interpretaci\u00f3n o ejecuci\u00f3n o fonograma protegidos, o que protege cualquier derecho de autor o cualquier derecho conexo al derecho de autor frente a usos no autorizados.<\/p>\n<p style=\"padding-left: 40px;\">2. Fabrique, importe, distribuya, ofrezca al p\u00fablico, suministre o de otra manera comercialice dispositivos, productos o componentes, u ofrezca al p\u00fablico o suministre servicios que, respecto de cualquier medida tecnol\u00f3gica efectiva:<\/p>\n<p style=\"padding-left: 40px;\">a) Sean promocionados, publicitados o comercializados con el prop\u00f3sito de eludir dicha medida; o<\/p>\n<p style=\"padding-left: 40px;\">b) Tengan un limitado prop\u00f3sito o uso comercialmente significativo diferente al de eludir dicha medida; o<\/p>\n<p style=\"padding-left: 40px;\">c) Sean dise\u00f1ados, producidos, ejecutados principalmente con el fin de permitir o facilitar la elusi\u00f3n de dicha medida.<\/p>\n<p style=\"padding-left: 40px;\">3. Suprima o altere sin autorizaci\u00f3n cualquier informaci\u00f3n sobre la gesti\u00f3n de derechos.<\/p>\n<p style=\"padding-left: 40px;\">4. Distribuya o importe para su distribuci\u00f3n informaci\u00f3n sobre gesti\u00f3n de derechos sabiendo que dicha informaci\u00f3n ha sido suprimida o alterada sin autorizaci\u00f3n.<\/p>\n<p style=\"padding-left: 40px;\">5. Distribuya, importe para su distribuci\u00f3n, emita, comunique o ponga a disposici\u00f3n del p\u00fablico copias de las obras, interpretaciones o ejecuciones o fonogramas, sabiendo que la informaci\u00f3n sobre gesti\u00f3n de derechos ha sido suprimida o alterada sin autorizaci\u00f3n.<\/p>\n<p style=\"padding-left: 40px;\">6. Fabrique, ensamble, modifique, importe, exporte, venda, arriende o distribuya por otro medio un dispositivo o sistema tangible o intangible, a sabiendas o con razones para saber que la funci\u00f3n principal del dispositivo o sistema es asistir en la descodificaci\u00f3n de una se\u00f1al codificada de sat\u00e9lite portadora de programas codificados sin la autorizaci\u00f3n del distribuidor leg\u00edtimo de dicha se\u00f1al.<\/p>\n<p style=\"padding-left: 40px;\">7. Recepcione o posteriormente distribuya una se\u00f1al de sat\u00e9lite portadora de un programa que se origin\u00f3 como se\u00f1al por sat\u00e9lite codificada a sabiendas que ha sido descodificada sin la autorizaci\u00f3n del distribuidor leg\u00edtimo de la se\u00f1al.<\/p>\n<p style=\"padding-left: 40px;\">8. Presente declaraciones o informaciones destinadas directa o indirectamente al pago, recaudaci\u00f3n, liquidaci\u00f3n o distribuci\u00f3n de derechos econ\u00f3micos de autor o derechos conexos, alterando o falseando, por cualquier medio o procedimiento, los datos necesarios para estos efectos.<\/p>\n<p style=\"padding-left: 40px;\">9. Fabrique, importe, distribuya, ofrezca al p\u00fablico, suministre o de otra manera comercialice etiquetas falsificadas adheridas o dise\u00f1adas para ser adheridas a un fonograma, a una copia de un programa de computaci\u00f3n, a la documentaci\u00f3n o empaque de un programa de computaci\u00f3n, a la copia de una pel\u00edcula u otra obra audiovisual.<\/p>\n<p style=\"padding-left: 40px;\">10. Fabrique, importe, distribuya, ofrezca al p\u00fablico, suministre o de otra manera comercialice documentos o empaques falsificados para un programa de computaci\u00f3n.<\/p>\n<p><strong>Art 307.<\/strong> Uso Ilegitimo de patentes. El que fabrique producto sin autorizaci\u00f3n de quien tiene el derecho protegido legalmente, o use sin la debida autorizaci\u00f3n medio o proceso patentado, incurrir\u00e1 en prisi\u00f3n de diecis\u00e9is (16) a setenta y dos (72) meses y multa de veintis\u00e9is puntos sesenta y seis (26.66) a mil quinientos (1.500) salarios m\u00ednimos legales mensuales vigentes.<\/p>\n<p>En la misma pena incurrir\u00e1 el que introduzca al pa\u00eds o saque de \u00e9l, exponga, ofrezca en venta, enajene, financie, distribuya, suministre, almacene, transporte o adquiera con fines comerciales o de intermediaci\u00f3n producto fabricado con violaci\u00f3n de patente<\/p>\n<p><strong><em>Art 319.<\/em><\/strong> Contrabando. El que introduzca o extraiga mercanc\u00edas en cuant\u00eda superior a cincuenta (50) salarios m\u00ednimos legales mensuales, al o desde el territorio colombiano por lugares no habilitados de acuerdo con la normativa aduanera vigente, incurrir\u00e1 en prisi\u00f3n de cuatro (4) a ocho (8) a\u00f1os y multa del doscientos (200%) al trescientos (300%) por ciento del valor aduanero de los bienes objeto del delito.<\/p>\n<p>En que oculte, disimule o sustraiga de la intervenci\u00f3n y control aduanero mercanc\u00edas en cuant\u00eda superior a cincuenta (50) salarios m\u00ednimos legales mensuales, o las ingrese a zona primaria definida en la normativa aduanera vigente sin el cumplimiento de las formalidades exigidas en la regulaci\u00f3n aduanera, incurrir\u00e1 en la misma pena de prisi\u00f3n y multa descrita en el inciso anterior.<\/p>\n<p>Si las conductas descritas en los incisos anteriores recaen sobre mercanc\u00edas en cuant\u00eda superior a doscientos (200) salarios m\u00ednimos legales mensuales, se impondr\u00e1 una pena de nueve (9) a doce (12) a\u00f1os de prisi\u00f3n y multa del doscientos (200%) al trescientos (300%) por ciento del valor aduanero de los bienes objeto del delito.<br \/>Se tomar\u00e1 como circunstancias de agravaci\u00f3n punitiva, que el sujeto activo tenga la calidad de Usuario Altamente Exportador (Altex), de un Usuario Aduanero Permanente (UAP), o de un Usuario u Operador de Confianza, de un Operador Econ\u00f3mico Autorizado (OEA) o de cualquier operador con un r\u00e9gimen especial de acuerdo con la normativa aduanera vigente., ser\u00e1 causal de mayor punibilidad la reincidencia del sujeto activo de la conducta.<\/p>\n<p><strong>Art. 320 <\/strong>Favorecimiento y facilitaci\u00f3n del contrabando.<\/p>\n<p>El que posea, tenga, transporte, embarque, desembarque, almacene, oculte, distribuya, enajene mercanc\u00edas que hayan sido introducidas al pa\u00eds ilegalmente, o que se hayan ocultado, disimulado o sustra\u00eddo de la intervenci\u00f3n y control aduanero o que se hayan ingresado a zona primaria sin el cumplimiento de las formalidades exigidas en la regulaci\u00f3n aduanera, cuyo valor supere los cincuenta (50) salarios m\u00ednimos legales mensuales vigentes, sin superar los doscientos (200) salarios m\u00ednimos legales mensuales vigentes, incurrir\u00e1 en pena de prisi\u00f3n de tres (3) a seis (6) a\u00f1os y multa del doscientos por ciento (200%) al trescientos por ciento (300%) del valor aduanero de la mercanc\u00eda objeto del delito.<\/p>\n<p>Si la conducta descrita en el inciso anterior recae sobre mercanc\u00edas cuyo valor supere los doscientos (200) salarios m\u00ednimos legales mensuales vigentes, incurrir\u00e1 en pena de prisi\u00f3n de seis (6) a diez (10) a\u00f1os, y multa del doscientos por ciento (200%) al trescientos por ciento (300%) del valor aduanero de la mercanc\u00eda objeto del delito.<\/p>\n<p>No se aplicar\u00e1 lo dispuesto en el presente art\u00edculo al consumidor final cuando los bienes que se encuentren en su poder, est\u00e9n soportados con factura o documento equivalente, con el lleno de los requisitos legales contemplados en el art\u00edculo 771-2 del Estatuto Tributario.<\/p>\n<p><strong>Art. 321<\/strong> Fraude Aduanero El que por cualquier medio suministre informaci\u00f3n falsa, la manipule u oculte cuando le sea requerida por la autoridad aduanera o cuando est\u00e9 obligado a entregarla por mandato legal, con la finalidad de evadir total o parcialmente el pago de tributos, derechos o grav\u00e1menes aduaneros a los que est\u00e9 obligado en Colombia, en cuant\u00eda superior a veinte (20) salarios m\u00ednimos legales mensuales vigentes del valor real de la mercanc\u00eda incurrir\u00e1 en pena de prisi\u00f3n de ocho (8) a doce (12) a\u00f1os, y multa de mil (1.000) a cincuenta mil (50.000) salarios m\u00ednimos legales mensuales vigentes.<\/p>\n<p>&nbsp;<\/p>\n<p>[\/et_pb_text][\/et_pb_column][\/et_pb_row][\/et_pb_section]<\/p>\n","protected":false},"excerpt":{"rendered":"<p>C\u00d3DIGO PENAL (LEY 599 DE 2000) Art 270. Violaci\u00f3n a los derechos morales de autor. Incurrir\u00e1 en prisi\u00f3n de treinta y dos (32) a noventa (90) meses y multa de veinte seis puntos sesenta y seis (26.66) a trescientos (300) salarios m\u00ednimos legales mensuales vigentes quien: 1. Publique, total o parcialmente, sin autorizaci\u00f3n previa y [&hellip;]<\/p>\n","protected":false},"author":1,"featured_media":0,"parent":0,"menu_order":0,"comment_status":"closed","ping_status":"closed","template":"","meta":{"_et_pb_use_builder":"on","_et_pb_old_content":"","_et_gb_content_width":"","footnotes":""},"_links":{"self":[{"href":"https:\/\/colectivoantipirateria.org\/index.php\/wp-json\/wp\/v2\/pages\/277"}],"collection":[{"href":"https:\/\/colectivoantipirateria.org\/index.php\/wp-json\/wp\/v2\/pages"}],"about":[{"href":"https:\/\/colectivoantipirateria.org\/index.php\/wp-json\/wp\/v2\/types\/page"}],"author":[{"embeddable":true,"href":"https:\/\/colectivoantipirateria.org\/index.php\/wp-json\/wp\/v2\/users\/1"}],"replies":[{"embeddable":true,"href":"https:\/\/colectivoantipirateria.org\/index.php\/wp-json\/wp\/v2\/comments?post=277"}],"version-history":[{"count":6,"href":"https:\/\/colectivoantipirateria.org\/index.php\/wp-json\/wp\/v2\/pages\/277\/revisions"}],"predecessor-version":[{"id":401,"href":"https:\/\/colectivoantipirateria.org\/index.php\/wp-json\/wp\/v2\/pages\/277\/revisions\/401"}],"wp:attachment":[{"href":"https:\/\/colectivoantipirateria.org\/index.php\/wp-json\/wp\/v2\/media?parent=277"}],"curies":[{"name":"wp","href":"https:\/\/api.w.org\/{rel}","templated":true}]}}