{"id":221,"date":"2025-09-19T19:24:07","date_gmt":"2025-09-19T17:24:07","guid":{"rendered":"https:\/\/colectivoantipirateria.org\/?page_id=221"},"modified":"2025-09-22T23:25:01","modified_gmt":"2025-09-22T21:25:01","slug":"codigo-organico-de-la-produccion-comercio-e-inversiones-copci","status":"publish","type":"page","link":"https:\/\/colectivoantipirateria.org\/index.php\/codigo-organico-de-la-produccion-comercio-e-inversiones-copci\/","title":{"rendered":"C\u00d3DIGO ORG\u00c1NICO DE LA PRODUCCI\u00d3N, COMERCIO E INVERSIONES COPCI"},"content":{"rendered":"<p>[et_pb_section fb_built=&#8221;1&#8243; _builder_version=&#8221;4.17.4&#8243; _module_preset=&#8221;default&#8221; background_enable_image=&#8221;off&#8221; parallax=&#8221;on&#8221; background_enable_pattern_style=&#8221;on&#8221; background_pattern_style=&#8221;smiles&#8221; background_pattern_color=&#8221;rgba(0,0,0,0.02)&#8221; custom_margin=&#8221;0px||0px||true|false&#8221; custom_padding=&#8221;80px||80px||true|false&#8221; global_colors_info=&#8221;{}&#8221;][et_pb_row _builder_version=&#8221;4.17.4&#8243; _module_preset=&#8221;default&#8221; max_width=&#8221;80%&#8221; custom_padding=&#8221;|||0%|false|false&#8221; animation_style=&#8221;fold&#8221; animation_direction=&#8221;left&#8221; border_width_bottom=&#8221;5px&#8221; border_color_bottom=&#8221;#143D3C&#8221; global_colors_info=&#8221;{}&#8221;][et_pb_column type=&#8221;4_4&#8243; _builder_version=&#8221;4.17.4&#8243; _module_preset=&#8221;default&#8221; global_colors_info=&#8221;{}&#8221;][et_pb_text _builder_version=&#8221;4.17.4&#8243; _module_preset=&#8221;default&#8221; header_text_color=&#8221;#00A79F&#8221; header_font_size=&#8221;65px&#8221; header_font_size_tablet=&#8221;65px&#8221; header_font_size_phone=&#8221;60px&#8221; header_font_size_last_edited=&#8221;on|phone&#8221; global_colors_info=&#8221;{}&#8221;]<\/p>\n<h1>C\u00d3DIGO ORG\u00c1NICO DE LA PRODUCCI\u00d3N, COMERCIO E INVERSIONES, COPCI<\/h1>\n<p>[\/et_pb_text][\/et_pb_column][\/et_pb_row][et_pb_row _builder_version=&#8221;4.17.4&#8243; _module_preset=&#8221;default&#8221; max_width=&#8221;80%&#8221; custom_padding=&#8221;60px|||||&#8221; global_colors_info=&#8221;{}&#8221;][et_pb_column type=&#8221;4_4&#8243; _builder_version=&#8221;4.17.4&#8243; _module_preset=&#8221;default&#8221; global_colors_info=&#8221;{}&#8221;][et_pb_text _builder_version=&#8221;4.17.4&#8243; _module_preset=&#8221;default&#8221; text_font=&#8221;Montserrat||||||||&#8221; text_text_color=&#8221;#474747&#8243; text_font_size=&#8221;20px&#8221; text_line_height=&#8221;1.8em&#8221; ol_text_align=&#8221;justify&#8221; ol_font_size=&#8221;18px&#8221; text_orientation=&#8221;justified&#8221; global_colors_info=&#8221;{}&#8221;]<\/p>\n<p><strong>Art 211 Atribuciones de la Aduana. &#8211; <\/strong>Son atribuciones de la Aduana, ejercidas en la forma y circunstancias que determine el Reglamento, las siguientes: (\u2026)<\/p>\n<p><strong>Literal O:<\/strong> o. Suspender toda operaci\u00f3n aduanera de mercader\u00eda que contenga productos que de cualquier modo violen los derechos de propiedad intelectual, de conformidad con lo dispuesto en el C\u00f3digo Org\u00e1nico de la Econom\u00eda Social de los Conocimientos, Creatividad e Innovaci\u00f3n y en esta Ley (\u2026)<\/p>\n<p><strong>Art 218 Competencias de las Direcciones Distritales. &#8211;<\/strong> La servidora o el servidor a cargo de las direcciones distritales tendr\u00e1 las siguientes atribuciones: (\u2026)<\/p>\n<p><strong>Literal r:<\/strong> Suspender por un m\u00e1ximo de 5 d\u00edas los procesos de importaci\u00f3n o exportaci\u00f3n de productos cuando tenga indicios de la existencia de una violaci\u00f3n de derechos de propiedad intelectual, informando de inmediato a la autoridad competente en materia de Derechos Intelectuales y a los titulares de derechos de propiedad intelectual (\u2026)<\/p>\n<p>&nbsp;<\/p>\n<p>[\/et_pb_text][\/et_pb_column][\/et_pb_row][\/et_pb_section]<\/p>\n","protected":false},"excerpt":{"rendered":"<p>C\u00d3DIGO ORG\u00c1NICO DE LA PRODUCCI\u00d3N, COMERCIO E INVERSIONES, COPCIArt 211 Atribuciones de la Aduana. &#8211; Son atribuciones de la Aduana, ejercidas en la forma y circunstancias que determine el Reglamento, las siguientes: (\u2026) Literal O: o. Suspender toda operaci\u00f3n aduanera de mercader\u00eda que contenga productos que de cualquier modo violen los derechos de propiedad intelectual, [&hellip;]<\/p>\n","protected":false},"author":1,"featured_media":0,"parent":0,"menu_order":0,"comment_status":"closed","ping_status":"closed","template":"","meta":{"_et_pb_use_builder":"on","_et_pb_old_content":"","_et_gb_content_width":"","footnotes":""},"_links":{"self":[{"href":"https:\/\/colectivoantipirateria.org\/index.php\/wp-json\/wp\/v2\/pages\/221"}],"collection":[{"href":"https:\/\/colectivoantipirateria.org\/index.php\/wp-json\/wp\/v2\/pages"}],"about":[{"href":"https:\/\/colectivoantipirateria.org\/index.php\/wp-json\/wp\/v2\/types\/page"}],"author":[{"embeddable":true,"href":"https:\/\/colectivoantipirateria.org\/index.php\/wp-json\/wp\/v2\/users\/1"}],"replies":[{"embeddable":true,"href":"https:\/\/colectivoantipirateria.org\/index.php\/wp-json\/wp\/v2\/comments?post=221"}],"version-history":[{"count":5,"href":"https:\/\/colectivoantipirateria.org\/index.php\/wp-json\/wp\/v2\/pages\/221\/revisions"}],"predecessor-version":[{"id":446,"href":"https:\/\/colectivoantipirateria.org\/index.php\/wp-json\/wp\/v2\/pages\/221\/revisions\/446"}],"wp:attachment":[{"href":"https:\/\/colectivoantipirateria.org\/index.php\/wp-json\/wp\/v2\/media?parent=221"}],"curies":[{"name":"wp","href":"https:\/\/api.w.org\/{rel}","templated":true}]}}